{"id":424,"date":"2024-08-22T12:38:54","date_gmt":"2024-08-22T12:38:54","guid":{"rendered":"https:\/\/stage.escoffier-maison.com\/?page_id=424"},"modified":"2026-04-07T07:20:44","modified_gmt":"2026-04-07T07:20:44","slug":"la-maison","status":"publish","type":"page","link":"https:\/\/escoffier-maison.com\/en\/la-maison\/","title":{"rendered":"La Maison"},"content":{"rendered":"<div data-elementor-type=\"wp-page\" data-elementor-id=\"424\" class=\"elementor elementor-424\">\n\t\t\t\t<div class=\"elementor-element elementor-element-4e63932 e-flex e-con-boxed e-con e-parent\" data-id=\"4e63932\" data-element_type=\"container\" data-settings=\"{&quot;background_background&quot;:&quot;classic&quot;,&quot;_ha_eqh_enable&quot;:false}\">\n\t\t\t\t\t<div class=\"e-con-inner\">\n\t\t\t\t\t<\/div>\n\t\t\t\t<\/div>\n\t\t<div class=\"elementor-element elementor-element-157c135 e-con-full e-flex e-con e-parent\" data-id=\"157c135\" data-element_type=\"container\" data-settings=\"{&quot;background_background&quot;:&quot;classic&quot;,&quot;_ha_eqh_enable&quot;:false}\">\n\t\t<div class=\"elementor-element elementor-element-050e59a e-flex e-con-boxed e-con e-child\" data-id=\"050e59a\" data-element_type=\"container\" data-settings=\"{&quot;_ha_eqh_enable&quot;:false}\">\n\t\t\t\t\t<div class=\"e-con-inner\">\n\t\t<div class=\"elementor-element elementor-element-b2f76fb e-con-full e-flex e-con e-child\" data-id=\"b2f76fb\" data-element_type=\"container\" data-settings=\"{&quot;background_background&quot;:&quot;classic&quot;,&quot;_ha_eqh_enable&quot;:false}\">\n\t\t\t\t<div class=\"elementor-element elementor-element-4e82d0c elementor-widget elementor-widget-heading\" data-id=\"4e82d0c\" data-element_type=\"widget\" data-widget_type=\"heading.default\">\n\t\t\t\t<div class=\"elementor-widget-container\">\n\t\t\t<h2 class=\"elementor-heading-title elementor-size-default\">La Maison<\/h2>\t\t<\/div>\n\t\t\t\t<\/div>\n\t\t\t\t<div class=\"elementor-element elementor-element-9cd643b elementor-widget elementor-widget-heading\" data-id=\"9cd643b\" data-element_type=\"widget\" data-widget_type=\"heading.default\">\n\t\t\t\t<div class=\"elementor-widget-container\">\n\t\t\t<h6 class=\"elementor-heading-title elementor-size-default\">Maison Escoffier aims to offer an experience that goes beyond taste: a human experience with a warm, qualified staff, a cultural experience that promotes local products, and finally, the gustatory experience that highlights French expertise blended with Mauritian terroir, perfectly representing the diversity found in Mauritius. <\/h6>\t\t<\/div>\n\t\t\t\t<\/div>\n\t\t\t\t<\/div>\n\t\t\t\t\t<\/div>\n\t\t\t\t<\/div>\n\t\t<div class=\"elementor-element elementor-element-6dfcf30 e-flex e-con-boxed e-con e-child\" data-id=\"6dfcf30\" data-element_type=\"container\" data-settings=\"{&quot;_ha_eqh_enable&quot;:false}\">\n\t\t\t\t\t<div class=\"e-con-inner\">\n\t\t\t\t\t<\/div>\n\t\t\t\t<\/div>\n\t\t\t\t<\/div>\n\t\t<div class=\"elementor-element elementor-element-a8a939f e-flex e-con-boxed e-con e-parent\" data-id=\"a8a939f\" data-element_type=\"container\" data-settings=\"{&quot;background_background&quot;:&quot;classic&quot;,&quot;_ha_eqh_enable&quot;:false}\">\n\t\t\t\t\t<div class=\"e-con-inner\">\n\t\t\t\t<div class=\"elementor-element elementor-element-5576b1f elementor-widget elementor-widget-heading\" data-id=\"5576b1f\" data-element_type=\"widget\" data-widget_type=\"heading.default\">\n\t\t\t\t<div class=\"elementor-widget-container\">\n\t\t\t<h2 class=\"elementor-heading-title elementor-size-default\">The artisans<\/h2>\t\t<\/div>\n\t\t\t\t<\/div>\n\t\t\t\t\t<\/div>\n\t\t\t\t<\/div>\n\t\t<div class=\"elementor-element elementor-element-693b933 e-con-full e-flex e-con e-parent\" data-id=\"693b933\" data-element_type=\"container\" data-settings=\"{&quot;background_background&quot;:&quot;classic&quot;,&quot;_ha_eqh_enable&quot;:false}\">\n\t\t\t\t<div class=\"elementor-element elementor-element-8c8e76f elementor-widget elementor-widget-image\" data-id=\"8c8e76f\" data-element_type=\"widget\" data-widget_type=\"image.default\">\n\t\t\t\t<div class=\"elementor-widget-container\">\n\t\t\t\t\t\t\t\t\t\t\t\t\t<img fetchpriority=\"high\" decoding=\"async\" width=\"834\" height=\"650\" src=\"https:\/\/escoffier-maison.com\/wp-content\/uploads\/2024\/09\/WhatsApp-Image-2024-09-12-at-14.08.03_67c89780-e1726136240851.jpg\" class=\"attachment-1536x1536 size-1536x1536 wp-image-683\" alt=\"\" \/>\t\t\t\t\t\t\t\t\t\t\t\t\t<\/div>\n\t\t\t\t<\/div>\n\t\t<div class=\"elementor-element elementor-element-a89ca04 hidden e-flex e-con-boxed e-con e-child\" data-id=\"a89ca04\" data-element_type=\"container\" data-settings=\"{&quot;background_background&quot;:&quot;classic&quot;,&quot;_ha_eqh_enable&quot;:false}\">\n\t\t\t\t\t<div class=\"e-con-inner\">\n\t\t\t\t<div class=\"elementor-element elementor-element-73ea3a3 elementor-position-top elementor-widget elementor-widget-image-box\" data-id=\"73ea3a3\" data-element_type=\"widget\" data-widget_type=\"image-box.default\">\n\t\t\t\t<div class=\"elementor-widget-container\">\n\t\t\t<div class=\"elementor-image-box-wrapper\"><figure class=\"elementor-image-box-img\"><img decoding=\"async\" width=\"150\" height=\"150\" src=\"https:\/\/escoffier-maison.com\/wp-content\/uploads\/2024\/09\/wine-6364070_640-150x150.jpg\" class=\"attachment-thumbnail size-thumbnail wp-image-662\" alt=\"\" \/><\/figure><div class=\"elementor-image-box-content\"><h3 class=\"elementor-image-box-title\">Sandy Scioli<\/h3><\/div><\/div>\t\t<\/div>\n\t\t\t\t<\/div>\n\t\t\t\t<div class=\"elementor-element elementor-element-317cf9d elementor-position-top elementor-widget elementor-widget-image-box\" data-id=\"317cf9d\" data-element_type=\"widget\" data-widget_type=\"image-box.default\">\n\t\t\t\t<div class=\"elementor-widget-container\">\n\t\t\t<div class=\"elementor-image-box-wrapper\"><figure class=\"elementor-image-box-img\"><img decoding=\"async\" width=\"150\" height=\"150\" src=\"https:\/\/escoffier-maison.com\/wp-content\/uploads\/2024\/09\/wine-6364070_640-150x150.jpg\" class=\"attachment-thumbnail size-thumbnail wp-image-662\" alt=\"\" \/><\/figure><div class=\"elementor-image-box-content\"><h3 class=\"elementor-image-box-title\">Rixen Coopen<\/h3><\/div><\/div>\t\t<\/div>\n\t\t\t\t<\/div>\n\t\t\t\t<div class=\"elementor-element elementor-element-2cb33ed elementor-position-top elementor-widget elementor-widget-image-box\" data-id=\"2cb33ed\" data-element_type=\"widget\" data-widget_type=\"image-box.default\">\n\t\t\t\t<div class=\"elementor-widget-container\">\n\t\t\t<div class=\"elementor-image-box-wrapper\"><figure class=\"elementor-image-box-img\"><img decoding=\"async\" width=\"150\" height=\"150\" src=\"https:\/\/escoffier-maison.com\/wp-content\/uploads\/2024\/09\/wine-6364070_640-150x150.jpg\" class=\"attachment-thumbnail size-thumbnail wp-image-662\" alt=\"\" \/><\/figure><div class=\"elementor-image-box-content\"><h3 class=\"elementor-image-box-title\">Alan Gourlaouen<\/h3><\/div><\/div>\t\t<\/div>\n\t\t\t\t<\/div>\n\t\t\t\t<div class=\"elementor-element elementor-element-a8be856 elementor-position-top elementor-widget elementor-widget-image-box\" data-id=\"a8be856\" data-element_type=\"widget\" data-widget_type=\"image-box.default\">\n\t\t\t\t<div class=\"elementor-widget-container\">\n\t\t\t<div class=\"elementor-image-box-wrapper\"><figure class=\"elementor-image-box-img\"><img decoding=\"async\" width=\"150\" height=\"150\" src=\"https:\/\/escoffier-maison.com\/wp-content\/uploads\/2024\/09\/wine-6364070_640-150x150.jpg\" class=\"attachment-thumbnail size-thumbnail wp-image-662\" alt=\"\" \/><\/figure><div class=\"elementor-image-box-content\"><h3 class=\"elementor-image-box-title\">Cyriel Marie<\/h3><\/div><\/div>\t\t<\/div>\n\t\t\t\t<\/div>\n\t\t\t\t<div class=\"elementor-element elementor-element-2827df5 elementor-position-top elementor-widget elementor-widget-image-box\" data-id=\"2827df5\" data-element_type=\"widget\" data-widget_type=\"image-box.default\">\n\t\t\t\t<div class=\"elementor-widget-container\">\n\t\t\t<div class=\"elementor-image-box-wrapper\"><figure class=\"elementor-image-box-img\"><img decoding=\"async\" width=\"150\" height=\"150\" src=\"https:\/\/escoffier-maison.com\/wp-content\/uploads\/2024\/09\/wine-6364070_640-150x150.jpg\" class=\"attachment-thumbnail size-thumbnail wp-image-662\" alt=\"\" \/><\/figure><div class=\"elementor-image-box-content\"><h3 class=\"elementor-image-box-title\">Arnaud Charroux<\/h3><\/div><\/div>\t\t<\/div>\n\t\t\t\t<\/div>\n\t\t\t\t<div class=\"elementor-element elementor-element-ef6bd6d elementor-position-top elementor-widget elementor-widget-image-box\" data-id=\"ef6bd6d\" data-element_type=\"widget\" data-widget_type=\"image-box.default\">\n\t\t\t\t<div class=\"elementor-widget-container\">\n\t\t\t<div class=\"elementor-image-box-wrapper\"><figure class=\"elementor-image-box-img\"><img decoding=\"async\" width=\"150\" height=\"150\" src=\"https:\/\/escoffier-maison.com\/wp-content\/uploads\/2024\/09\/wine-6364070_640-150x150.jpg\" class=\"attachment-thumbnail size-thumbnail wp-image-662\" alt=\"\" \/><\/figure><div class=\"elementor-image-box-content\"><h3 class=\"elementor-image-box-title\">Mickael Bourguignon<\/h3><\/div><\/div>\t\t<\/div>\n\t\t\t\t<\/div>\n\t\t\t\t\t<\/div>\n\t\t\t\t<\/div>\n\t\t\t\t<\/div>\n\t\t\t\t<\/div>","protected":false},"excerpt":{"rendered":"<p>La Maison Maison Escoffier souhaite offrir une exp\u00e9rience qui va au-del\u00e0 de l&rsquo;exp\u00e9rience gustative: on y parle d&rsquo; exp\u00e9rience humaine avec un personnel chaleureux qualifi\u00e9, d&rsquo;exp\u00e9rience culturelle avec la valorisation des produits locaux et enfin, vient l&rsquo;exp\u00e9rience gustative avec la mise en valeur de l&rsquo;expertise fran\u00e7aise m\u00eal\u00e9e au terroir mauricien repr\u00e9sentant \u00e0 merveille la mixit\u00e9 [&hellip;]<\/p>","protected":false},"author":1,"featured_media":0,"parent":0,"menu_order":0,"comment_status":"closed","ping_status":"closed","template":"","meta":{"_monsterinsights_skip_tracking":false,"_monsterinsights_sitenote_active":false,"_monsterinsights_sitenote_note":"","_monsterinsights_sitenote_category":0,"_themeisle_gutenberg_block_has_review":false,"footnotes":""},"class_list":["post-424","page","type-page","status-publish","hentry"],"_links":{"self":[{"href":"https:\/\/escoffier-maison.com\/en\/wp-json\/wp\/v2\/pages\/424","targetHints":{"allow":["GET"]}}],"collection":[{"href":"https:\/\/escoffier-maison.com\/en\/wp-json\/wp\/v2\/pages"}],"about":[{"href":"https:\/\/escoffier-maison.com\/en\/wp-json\/wp\/v2\/types\/page"}],"author":[{"embeddable":true,"href":"https:\/\/escoffier-maison.com\/en\/wp-json\/wp\/v2\/users\/1"}],"replies":[{"embeddable":true,"href":"https:\/\/escoffier-maison.com\/en\/wp-json\/wp\/v2\/comments?post=424"}],"version-history":[{"count":55,"href":"https:\/\/escoffier-maison.com\/en\/wp-json\/wp\/v2\/pages\/424\/revisions"}],"predecessor-version":[{"id":970,"href":"https:\/\/escoffier-maison.com\/en\/wp-json\/wp\/v2\/pages\/424\/revisions\/970"}],"wp:attachment":[{"href":"https:\/\/escoffier-maison.com\/en\/wp-json\/wp\/v2\/media?parent=424"}],"curies":[{"name":"wp","href":"https:\/\/api.w.org\/{rel}","templated":true}]}}